  
{"id":274,"date":"2022-04-22T08:43:27","date_gmt":"2022-04-22T08:43:27","guid":{"rendered":"https:\/\/rebelisol.pt\/?page_id=274"},"modified":"2022-06-06T15:33:11","modified_gmt":"2022-06-06T15:33:11","slug":"qhs","status":"publish","type":"page","link":"https:\/\/rebelisol.pt\/?page_id=274","title":{"rendered":"QHS"},"content":{"rendered":"<p>Pol\u00edtica de Qualidade e Seguran\u00e7a no Trabalho<\/p>\n<p>A REBELISOL define-se como uma empresa din\u00e2mica e transparente, que tem como miss\u00e3o o fornecimento de&nbsp;solu\u00e7\u00f5es eficientes&nbsp;de isolamento&nbsp;t\u00e9rmico e ac\u00fastico, contribuindo positivamente&nbsp;para&nbsp;um&nbsp;aumento&nbsp;dos ganhos de produtividade e competitividade em toda a cadeia de valor.<\/p>\n<p>Queremos ser reconhecidos pelos nossos clientes como um parceiro estrat\u00e9gico, incontorn\u00e1vel no&nbsp;fornecimento e implementa\u00e7\u00e3o de solu\u00e7\u00f5es \u00e0 sua medida.<\/p>\n<p>De modo a poder cumprir as exig\u00eancias estabelecidas, a Rebelisol compromete-se a:<\/p>\n<ul>\n<li>Identificar as necessidades e expectativas dos clientes, garantindo a sua satisfa\u00e7\u00e3o;<\/li>\n<li>Monitorizar os seus processos de trabalho de forma a otimiz\u00e1-los;<\/li>\n<li>Cumprir com os requisitos dos clientes, nomeadamente fornecer produtos, servi\u00e7os e solu\u00e7\u00f5es da m\u00e1xima qualidade respeitando os prazos estabelecidos;<\/li>\n<li>Investigar e analisar os incidentes, acidentes e quase acidentes para uma melhoria cont\u00ednua da preven\u00e7\u00e3o dos acidentes de trabalho e doen\u00e7as profissionais;<\/li>\n<li>Promover a forma\u00e7\u00e3o e informa\u00e7\u00e3o dos colaboradores sobre os riscos inerentes \u00e0s atividades, sensibilizando-os para o cumprimento das normas de seguran\u00e7a;<\/li>\n<li>Proteger os locais de trabalho da Rebelisol de modo a assegurar as adequadas condi\u00e7\u00f5es de seguran\u00e7a.<\/li>\n<li>Promover a melhoria cont\u00ednua dos seus servi\u00e7os nas vertentes de Qualidade, Sa\u00fade e Seguran\u00e7a do seu Sistema de Gest\u00e3o Integrado.<\/li>\n<\/ul>\n<p>Asseguramos que todas as atividades s\u00e3o executadas em conformidade com os requisitos de Seguran\u00e7a e Higiene no Trabalho de acordo com a legisla\u00e7\u00e3o em vigor, regulamentos do sector e outros requisitos aplic\u00e1veis.<\/p>\n<p>A presente Pol\u00edtica foi amplamente comunicada, entendida e difundida a todos os nossos colaboradores encontrando-se dispon\u00edvel a todas as partes interessadas.<\/p>\n\n\n\n\n\n","protected":false},"excerpt":{"rendered":"<p>Pol\u00edtica de Qualidade e Seguran\u00e7a no Trabalho A REBELISOL define-se como uma empresa din\u00e2mica e transparente, que tem como miss\u00e3o o fornecimento de&nbsp;solu\u00e7\u00f5es eficientes&nbsp;de isolamento&nbsp;t\u00e9rmico e ac\u00fastico, contribuindo positivamente&nbsp;para&nbsp;um&nbsp;aumento&nbsp;dos ganhos de produtividade e competitividade em toda a cadeia de valor. Queremos ser reconhecidos pelos nossos clientes como um parceiro estrat\u00e9gico, incontorn\u00e1vel no&nbsp;fornecimento e implementa\u00e7\u00e3o de [&hellip;]<\/p>\n","protected":false},"author":1,"featured_media":0,"parent":0,"menu_order":0,"comment_status":"closed","ping_status":"closed","template":"","meta":{"footnotes":""},"class_list":["post-274","page","type-page","status-publish","hentry"],"_links":{"self":[{"href":"https:\/\/rebelisol.pt\/index.php?rest_route=\/wp\/v2\/pages\/274","targetHints":{"allow":["GET"]}}],"collection":[{"href":"https:\/\/rebelisol.pt\/index.php?rest_route=\/wp\/v2\/pages"}],"about":[{"href":"https:\/\/rebelisol.pt\/index.php?rest_route=\/wp\/v2\/types\/page"}],"author":[{"embeddable":true,"href":"https:\/\/rebelisol.pt\/index.php?rest_route=\/wp\/v2\/users\/1"}],"replies":[{"embeddable":true,"href":"https:\/\/rebelisol.pt\/index.php?rest_route=%2Fwp%2Fv2%2Fcomments&post=274"}],"version-history":[{"count":9,"href":"https:\/\/rebelisol.pt\/index.php?rest_route=\/wp\/v2\/pages\/274\/revisions"}],"predecessor-version":[{"id":479,"href":"https:\/\/rebelisol.pt\/index.php?rest_route=\/wp\/v2\/pages\/274\/revisions\/479"}],"wp:attachment":[{"href":"https:\/\/rebelisol.pt\/index.php?rest_route=%2Fwp%2Fv2%2Fmedia&parent=274"}],"curies":[{"name":"wp","href":"https:\/\/api.w.org\/{rel}","templated":true}]}}